{"id":48,"date":"2018-08-13T15:33:43","date_gmt":"2018-08-13T13:33:43","guid":{"rendered":"http:\/\/collectifj.be\/?page_id=48"},"modified":"2023-05-30T11:49:48","modified_gmt":"2023-05-30T09:49:48","slug":"espace-membres","status":"publish","type":"page","link":"https:\/\/collectifj.be\/?page_id=48","title":{"rendered":"ESPACE MEMBRES"},"content":{"rendered":"<p>[et_pb_section fb_built=\u00a0\u00bb1&Prime; disabled_on=\u00a0\u00bbon|on|on\u00a0\u00bb _builder_version=\u00a0\u00bb4.19.2&Prime; background_color=\u00a0\u00bb#000000&Prime; custom_padding=\u00a0\u00bb12px|0px|58px|0px|false|false\u00a0\u00bb disabled=\u00a0\u00bbon\u00a0\u00bb global_colors_info=\u00a0\u00bb{}\u00a0\u00bb][et_pb_row column_structure=\u00a0\u00bb2_3,1_3&Prime; _builder_version=\u00a0\u00bb4.16&Prime; background_size=\u00a0\u00bbinitial\u00a0\u00bb background_position=\u00a0\u00bbtop_left\u00a0\u00bb background_repeat=\u00a0\u00bbrepeat\u00a0\u00bb global_colors_info=\u00a0\u00bb{}\u00a0\u00bb][et_pb_column type=\u00a0\u00bb2_3&Prime; _builder_version=\u00a0\u00bb4.16&Prime; custom_padding=\u00a0\u00bb|||\u00a0\u00bb global_colors_info=\u00a0\u00bb{}\u00a0\u00bb custom_padding__hover=\u00a0\u00bb|||\u00a0\u00bb][et_pb_cta title=\u00a0\u00bbL&rsquo;espace membres \u00a0\u00bb button_url=\u00a0\u00bbhttp:\/\/membres.collectifj.be\/accueil-espace-membres\/\u00a0\u00bb button_text=\u00a0\u00bbY Acc\u00e9der muni de votre mot de passe\u00a0\u00bb _builder_version=\u00a0\u00bb4.19.2&Prime; header_level=\u00a0\u00bbh1&Prime; header_font_size=\u00a0\u00bb43px\u00a0\u00bb body_font=\u00a0\u00bb|||on|||||\u00a0\u00bb body_font_size=\u00a0\u00bb21px\u00a0\u00bb body_letter_spacing=\u00a0\u00bb1px\u00a0\u00bb body_line_height=\u00a0\u00bb1.5em\u00a0\u00bb use_background_color=\u00a0\u00bboff\u00a0\u00bb text_orientation=\u00a0\u00bbleft\u00a0\u00bb custom_margin=\u00a0\u00bb85px|||\u00a0\u00bb hover_enabled=\u00a0\u00bb0&Prime; global_colors_info=\u00a0\u00bb{}\u00a0\u00bb button_text_size__hover_enabled=\u00a0\u00bboff\u00a0\u00bb button_one_text_size__hover_enabled=\u00a0\u00bboff\u00a0\u00bb button_two_text_size__hover_enabled=\u00a0\u00bboff\u00a0\u00bb button_text_color__hover_enabled=\u00a0\u00bboff\u00a0\u00bb button_one_text_color__hover_enabled=\u00a0\u00bboff\u00a0\u00bb button_two_text_color__hover_enabled=\u00a0\u00bboff\u00a0\u00bb button_border_width__hover_enabled=\u00a0\u00bboff\u00a0\u00bb button_one_border_width__hover_enabled=\u00a0\u00bboff\u00a0\u00bb button_two_border_width__hover_enabled=\u00a0\u00bboff\u00a0\u00bb button_border_color__hover_enabled=\u00a0\u00bboff\u00a0\u00bb button_one_border_color__hover_enabled=\u00a0\u00bboff\u00a0\u00bb button_two_border_color__hover_enabled=\u00a0\u00bboff\u00a0\u00bb button_border_radius__hover_enabled=\u00a0\u00bboff\u00a0\u00bb button_one_border_radius__hover_enabled=\u00a0\u00bboff\u00a0\u00bb button_two_border_radius__hover_enabled=\u00a0\u00bboff\u00a0\u00bb button_letter_spacing__hover_enabled=\u00a0\u00bboff\u00a0\u00bb button_one_letter_spacing__hover_enabled=\u00a0\u00bboff\u00a0\u00bb button_two_letter_spacing__hover_enabled=\u00a0\u00bboff\u00a0\u00bb button_bg_color__hover_enabled=\u00a0\u00bboff\u00a0\u00bb button_one_bg_color__hover_enabled=\u00a0\u00bboff\u00a0\u00bb button_two_bg_color__hover_enabled=\u00a0\u00bboff\u00a0\u00bb sticky_enabled=\u00a0\u00bb0&Prime;]<\/p>\n<p>est espace de travail collaboratif<br \/>r\u00e9serv\u00e9 aux services et associations membres du <strong>collectif J<\/strong><\/p>\n<p>[\/et_pb_cta][\/et_pb_column][et_pb_column type=\u00a0\u00bb1_3&Prime; _builder_version=\u00a0\u00bb4.16&Prime; custom_padding=\u00a0\u00bb|||\u00a0\u00bb global_colors_info=\u00a0\u00bb{}\u00a0\u00bb custom_padding__hover=\u00a0\u00bb|||\u00a0\u00bb][et_pb_image src=\u00a0\u00bbhttp:\/\/collectifj.be\/wp-content\/uploads\/2022\/12\/logo-CollectifJ_blanc_Plan-de-travail-1-01.png\u00a0\u00bb title_text=\u00a0\u00bblogo-CollectifJ_blanc_Plan de travail 1-01&Prime; align_tablet=\u00a0\u00bbcenter\u00a0\u00bb align_phone=\u00a0\u00bbcenter\u00a0\u00bb align_last_edited=\u00a0\u00bbon|desktop\u00a0\u00bb _builder_version=\u00a0\u00bb4.19.2&Prime; custom_padding=\u00a0\u00bb21px|||||\u00a0\u00bb global_colors_info=\u00a0\u00bb{}\u00a0\u00bb][\/et_pb_image][\/et_pb_column][\/et_pb_row][\/et_pb_section][et_pb_section fb_built=\u00a0\u00bb1&Prime; fullwidth=\u00a0\u00bbon\u00a0\u00bb _builder_version=\u00a0\u00bb4.16&Prime; global_colors_info=\u00a0\u00bb{}\u00a0\u00bb][\/et_pb_section][et_pb_section fb_built=\u00a0\u00bb1&Prime; next_background_color=\u00a0\u00bb#ffffff\u00a0\u00bb _builder_version=\u00a0\u00bb4.19.2&Prime; background_color=\u00a0\u00bb#000000&Prime; background_image=\u00a0\u00bbhttp:\/\/collectifj.be\/wp-content\/uploads\/2022\/12\/logo-espacemembre_Plan-de-travail-1-04.png\u00a0\u00bb background_size=\u00a0\u00bbcontain\u00a0\u00bb background_position=\u00a0\u00bbcenter_right\u00a0\u00bb custom_padding=\u00a0\u00bb12px|0px|58px|0px|false|false\u00a0\u00bb bottom_divider_style=\u00a0\u00bbmountains\u00a0\u00bb bottom_divider_height=\u00a0\u00bb78px\u00a0\u00bb global_colors_info=\u00a0\u00bb{}\u00a0\u00bb][et_pb_row _builder_version=\u00a0\u00bb4.16&Prime; background_size=\u00a0\u00bbinitial\u00a0\u00bb background_position=\u00a0\u00bbtop_left\u00a0\u00bb background_repeat=\u00a0\u00bbrepeat\u00a0\u00bb custom_margin=\u00a0\u00bb218px||-21px|\u00a0\u00bb custom_padding=\u00a0\u00bb58px||0px|\u00a0\u00bb global_colors_info=\u00a0\u00bb{}\u00a0\u00bb][et_pb_column type=\u00a0\u00bb4_4&Prime; _builder_version=\u00a0\u00bb4.16&Prime; custom_padding=\u00a0\u00bb80px|||\u00a0\u00bb global_colors_info=\u00a0\u00bb{}\u00a0\u00bb custom_padding__hover=\u00a0\u00bb|||\u00a0\u00bb][et_pb_cta title=\u00a0\u00bbL&rsquo;espace membres \u00a0\u00bb button_url=\u00a0\u00bbhttp:\/\/membres.collectifj.be\/accueil-espace-membres\/\u00a0\u00bb button_text=\u00a0\u00bbY Acc\u00e9der muni de votre mot de passe\u00a0\u00bb _builder_version=\u00a0\u00bb4.19.2&Prime; header_level=\u00a0\u00bbh1&Prime; header_font=\u00a0\u00bb||||||||\u00a0\u00bb header_font_size=\u00a0\u00bb43px\u00a0\u00bb body_font=\u00a0\u00bb|||on|||||\u00a0\u00bb body_font_size=\u00a0\u00bb21px\u00a0\u00bb body_letter_spacing=\u00a0\u00bb1px\u00a0\u00bb body_line_height=\u00a0\u00bb1.5em\u00a0\u00bb use_background_color=\u00a0\u00bboff\u00a0\u00bb text_orientation=\u00a0\u00bbleft\u00a0\u00bb global_colors_info=\u00a0\u00bb{}\u00a0\u00bb button_text_size__hover_enabled=\u00a0\u00bboff\u00a0\u00bb button_one_text_size__hover_enabled=\u00a0\u00bboff\u00a0\u00bb button_two_text_size__hover_enabled=\u00a0\u00bboff\u00a0\u00bb button_text_color__hover_enabled=\u00a0\u00bboff\u00a0\u00bb button_one_text_color__hover_enabled=\u00a0\u00bboff\u00a0\u00bb button_two_text_color__hover_enabled=\u00a0\u00bboff\u00a0\u00bb button_border_width__hover_enabled=\u00a0\u00bboff\u00a0\u00bb button_one_border_width__hover_enabled=\u00a0\u00bboff\u00a0\u00bb button_two_border_width__hover_enabled=\u00a0\u00bboff\u00a0\u00bb button_border_color__hover_enabled=\u00a0\u00bboff\u00a0\u00bb button_one_border_color__hover_enabled=\u00a0\u00bboff\u00a0\u00bb button_two_border_color__hover_enabled=\u00a0\u00bboff\u00a0\u00bb button_border_radius__hover_enabled=\u00a0\u00bboff\u00a0\u00bb button_one_border_radius__hover_enabled=\u00a0\u00bboff\u00a0\u00bb button_two_border_radius__hover_enabled=\u00a0\u00bboff\u00a0\u00bb button_letter_spacing__hover_enabled=\u00a0\u00bboff\u00a0\u00bb button_one_letter_spacing__hover_enabled=\u00a0\u00bboff\u00a0\u00bb button_two_letter_spacing__hover_enabled=\u00a0\u00bboff\u00a0\u00bb button_bg_color__hover_enabled=\u00a0\u00bboff\u00a0\u00bb button_one_bg_color__hover_enabled=\u00a0\u00bboff\u00a0\u00bb button_two_bg_color__hover_enabled=\u00a0\u00bboff\u00a0\u00bb]<\/p>\n<p>est un espace de travail collaboratif<br \/>r\u00e9serv\u00e9 aux services et associations membres du<strong> collectif J<\/strong><\/p>\n<p>[\/et_pb_cta][\/et_pb_column][\/et_pb_row][\/et_pb_section]<\/p>\n","protected":false},"excerpt":{"rendered":"<p>est espace de travail collaboratifr\u00e9serv\u00e9 aux services et associations membres du collectif Jest un espace de travail collaboratifr\u00e9serv\u00e9 aux services et associations membres du collectif J<\/p>\n","protected":false},"author":1,"featured_media":0,"parent":0,"menu_order":0,"comment_status":"closed","ping_status":"closed","template":"","meta":{"_et_pb_use_builder":"on","_et_pb_old_content":"","_et_gb_content_width":"","footnotes":""},"class_list":["post-48","page","type-page","status-publish","hentry"],"yoast_head":"<!-- This site is optimized with the Yoast SEO plugin v27.3 - https:\/\/yoast.com\/product\/yoast-seo-wordpress\/ -->\n<title>COLLECTIFj<\/title>\n<meta name=\"description\" content=\"ESPACE MEMBRES COLLECTIFj -\" \/>\n<meta name=\"robots\" content=\"index, follow, max-snippet:-1, max-image-preview:large, max-video-preview:-1\" \/>\n<link rel=\"canonical\" href=\"https:\/\/collectifj.be\/?page_id=48\" \/>\n<meta property=\"og:locale\" content=\"fr_FR\" \/>\n<meta property=\"og:type\" content=\"article\" \/>\n<meta property=\"og:title\" content=\"COLLECTIFj\" \/>\n<meta property=\"og:description\" content=\"ESPACE MEMBRES COLLECTIFj -\" \/>\n<meta property=\"og:url\" content=\"https:\/\/collectifj.be\/?page_id=48\" \/>\n<meta property=\"og:site_name\" content=\"COLLECTIFj\" \/>\n<meta property=\"article:modified_time\" content=\"2023-05-30T09:49:48+00:00\" \/>\n<meta property=\"og:image\" content=\"https:\/\/collectifj.be\/wp-content\/uploads\/2025\/04\/logo-CollectifJ-bordure-_Plan-de-travail-1-01-480x428-1.png\" \/>\n\t<meta property=\"og:image:width\" content=\"480\" \/>\n\t<meta property=\"og:image:height\" content=\"428\" \/>\n\t<meta property=\"og:image:type\" content=\"image\/png\" \/>\n<meta name=\"twitter:card\" content=\"summary_large_image\" \/>\n<meta name=\"twitter:label1\" content=\"Dur\u00e9e de lecture estim\u00e9e\" \/>\n\t<meta name=\"twitter:data1\" content=\"3 minutes\" \/>\n<script type=\"application\/ld+json\" class=\"yoast-schema-graph\">{\"@context\":\"https:\\\/\\\/schema.org\",\"@graph\":[{\"@type\":\"WebPage\",\"@id\":\"https:\\\/\\\/collectifj.be\\\/?page_id=48\",\"url\":\"https:\\\/\\\/collectifj.be\\\/?page_id=48\",\"name\":\"COLLECTIFj\",\"isPartOf\":{\"@id\":\"https:\\\/\\\/collectifj.be\\\/#website\"},\"datePublished\":\"2018-08-13T13:33:43+00:00\",\"dateModified\":\"2023-05-30T09:49:48+00:00\",\"description\":\"ESPACE MEMBRES COLLECTIFj -\",\"breadcrumb\":{\"@id\":\"https:\\\/\\\/collectifj.be\\\/?page_id=48#breadcrumb\"},\"inLanguage\":\"fr-FR\",\"potentialAction\":[{\"@type\":\"ReadAction\",\"target\":[\"https:\\\/\\\/collectifj.be\\\/?page_id=48\"]}]},{\"@type\":\"BreadcrumbList\",\"@id\":\"https:\\\/\\\/collectifj.be\\\/?page_id=48#breadcrumb\",\"itemListElement\":[{\"@type\":\"ListItem\",\"position\":1,\"name\":\"Accueil\",\"item\":\"https:\\\/\\\/collectifj.be\\\/\"},{\"@type\":\"ListItem\",\"position\":2,\"name\":\"ESPACE MEMBRES\"}]},{\"@type\":\"WebSite\",\"@id\":\"https:\\\/\\\/collectifj.be\\\/#website\",\"url\":\"https:\\\/\\\/collectifj.be\\\/\",\"name\":\"COLLECTIFj\",\"description\":\"Collectif J\",\"publisher\":{\"@id\":\"https:\\\/\\\/collectifj.be\\\/#organization\"},\"alternateName\":\"Collectif Jeunesse Saint-Nicolas\",\"potentialAction\":[{\"@type\":\"SearchAction\",\"target\":{\"@type\":\"EntryPoint\",\"urlTemplate\":\"https:\\\/\\\/collectifj.be\\\/?s={search_term_string}\"},\"query-input\":{\"@type\":\"PropertyValueSpecification\",\"valueRequired\":true,\"valueName\":\"search_term_string\"}}],\"inLanguage\":\"fr-FR\"},{\"@type\":\"Organization\",\"@id\":\"https:\\\/\\\/collectifj.be\\\/#organization\",\"name\":\"COLLECTIFj\",\"url\":\"https:\\\/\\\/collectifj.be\\\/\",\"logo\":{\"@type\":\"ImageObject\",\"inLanguage\":\"fr-FR\",\"@id\":\"https:\\\/\\\/collectifj.be\\\/#\\\/schema\\\/logo\\\/image\\\/\",\"url\":\"https:\\\/\\\/collectifj.be\\\/wp-content\\\/uploads\\\/2025\\\/04\\\/logo-CollectifJ-bordure-_Plan-de-travail-1-01-480x428-1.png\",\"contentUrl\":\"https:\\\/\\\/collectifj.be\\\/wp-content\\\/uploads\\\/2025\\\/04\\\/logo-CollectifJ-bordure-_Plan-de-travail-1-01-480x428-1.png\",\"width\":480,\"height\":428,\"caption\":\"COLLECTIFj\"},\"image\":{\"@id\":\"https:\\\/\\\/collectifj.be\\\/#\\\/schema\\\/logo\\\/image\\\/\"}}]}<\/script>\n<!-- \/ Yoast SEO plugin. -->","yoast_head_json":{"title":"COLLECTIFj","description":"ESPACE MEMBRES COLLECTIFj -","robots":{"index":"index","follow":"follow","max-snippet":"max-snippet:-1","max-image-preview":"max-image-preview:large","max-video-preview":"max-video-preview:-1"},"canonical":"https:\/\/collectifj.be\/?page_id=48","og_locale":"fr_FR","og_type":"article","og_title":"COLLECTIFj","og_description":"ESPACE MEMBRES COLLECTIFj -","og_url":"https:\/\/collectifj.be\/?page_id=48","og_site_name":"COLLECTIFj","article_modified_time":"2023-05-30T09:49:48+00:00","og_image":[{"width":480,"height":428,"url":"https:\/\/collectifj.be\/wp-content\/uploads\/2025\/04\/logo-CollectifJ-bordure-_Plan-de-travail-1-01-480x428-1.png","type":"image\/png"}],"twitter_card":"summary_large_image","twitter_misc":{"Dur\u00e9e de lecture estim\u00e9e":"3 minutes"},"schema":{"@context":"https:\/\/schema.org","@graph":[{"@type":"WebPage","@id":"https:\/\/collectifj.be\/?page_id=48","url":"https:\/\/collectifj.be\/?page_id=48","name":"COLLECTIFj","isPartOf":{"@id":"https:\/\/collectifj.be\/#website"},"datePublished":"2018-08-13T13:33:43+00:00","dateModified":"2023-05-30T09:49:48+00:00","description":"ESPACE MEMBRES COLLECTIFj -","breadcrumb":{"@id":"https:\/\/collectifj.be\/?page_id=48#breadcrumb"},"inLanguage":"fr-FR","potentialAction":[{"@type":"ReadAction","target":["https:\/\/collectifj.be\/?page_id=48"]}]},{"@type":"BreadcrumbList","@id":"https:\/\/collectifj.be\/?page_id=48#breadcrumb","itemListElement":[{"@type":"ListItem","position":1,"name":"Accueil","item":"https:\/\/collectifj.be\/"},{"@type":"ListItem","position":2,"name":"ESPACE MEMBRES"}]},{"@type":"WebSite","@id":"https:\/\/collectifj.be\/#website","url":"https:\/\/collectifj.be\/","name":"COLLECTIFj","description":"Collectif J","publisher":{"@id":"https:\/\/collectifj.be\/#organization"},"alternateName":"Collectif Jeunesse Saint-Nicolas","potentialAction":[{"@type":"SearchAction","target":{"@type":"EntryPoint","urlTemplate":"https:\/\/collectifj.be\/?s={search_term_string}"},"query-input":{"@type":"PropertyValueSpecification","valueRequired":true,"valueName":"search_term_string"}}],"inLanguage":"fr-FR"},{"@type":"Organization","@id":"https:\/\/collectifj.be\/#organization","name":"COLLECTIFj","url":"https:\/\/collectifj.be\/","logo":{"@type":"ImageObject","inLanguage":"fr-FR","@id":"https:\/\/collectifj.be\/#\/schema\/logo\/image\/","url":"https:\/\/collectifj.be\/wp-content\/uploads\/2025\/04\/logo-CollectifJ-bordure-_Plan-de-travail-1-01-480x428-1.png","contentUrl":"https:\/\/collectifj.be\/wp-content\/uploads\/2025\/04\/logo-CollectifJ-bordure-_Plan-de-travail-1-01-480x428-1.png","width":480,"height":428,"caption":"COLLECTIFj"},"image":{"@id":"https:\/\/collectifj.be\/#\/schema\/logo\/image\/"}}]}},"_links":{"self":[{"href":"https:\/\/collectifj.be\/index.php?rest_route=\/wp\/v2\/pages\/48","targetHints":{"allow":["GET"]}}],"collection":[{"href":"https:\/\/collectifj.be\/index.php?rest_route=\/wp\/v2\/pages"}],"about":[{"href":"https:\/\/collectifj.be\/index.php?rest_route=\/wp\/v2\/types\/page"}],"author":[{"embeddable":true,"href":"https:\/\/collectifj.be\/index.php?rest_route=\/wp\/v2\/users\/1"}],"replies":[{"embeddable":true,"href":"https:\/\/collectifj.be\/index.php?rest_route=%2Fwp%2Fv2%2Fcomments&post=48"}],"version-history":[{"count":15,"href":"https:\/\/collectifj.be\/index.php?rest_route=\/wp\/v2\/pages\/48\/revisions"}],"predecessor-version":[{"id":841,"href":"https:\/\/collectifj.be\/index.php?rest_route=\/wp\/v2\/pages\/48\/revisions\/841"}],"wp:attachment":[{"href":"https:\/\/collectifj.be\/index.php?rest_route=%2Fwp%2Fv2%2Fmedia&parent=48"}],"curies":[{"name":"wp","href":"https:\/\/api.w.org\/{rel}","templated":true}]}}