{"id":1562,"date":"2025-03-27T11:20:17","date_gmt":"2025-03-27T10:20:17","guid":{"rendered":"https:\/\/collectifj.be\/?page_id=1562"},"modified":"2025-12-10T13:56:07","modified_gmt":"2025-12-10T12:56:07","slug":"projets","status":"publish","type":"page","link":"https:\/\/collectifj.be\/?page_id=1562","title":{"rendered":"Projets"},"content":{"rendered":"<p>[et_pb_section fb_built=\u00a0\u00bb1&Prime; fullwidth=\u00a0\u00bbon\u00a0\u00bb _builder_version=\u00a0\u00bb4.19.2&Prime; _module_preset=\u00a0\u00bbdefault\u00a0\u00bb global_colors_info=\u00a0\u00bb{}\u00a0\u00bb][et_pb_fullwidth_header title=\u00a0\u00bbProjets\u00a0\u00bb _builder_version=\u00a0\u00bb4.19.2&Prime; _module_preset=\u00a0\u00bbdefault\u00a0\u00bb link_option_url_new_window=\u00a0\u00bbon\u00a0\u00bb global_colors_info=\u00a0\u00bb{}\u00a0\u00bb][\/et_pb_fullwidth_header][\/et_pb_section][et_pb_section fb_built=\u00a0\u00bb1&Prime; _builder_version=\u00a0\u00bb4.19.2&Prime; _module_preset=\u00a0\u00bbdefault\u00a0\u00bb global_colors_info=\u00a0\u00bb{}\u00a0\u00bb][et_pb_row _builder_version=\u00a0\u00bb4.19.2&Prime; _module_preset=\u00a0\u00bbdefault\u00a0\u00bb global_colors_info=\u00a0\u00bb{}\u00a0\u00bb][et_pb_column type=\u00a0\u00bb4_4&Prime; _builder_version=\u00a0\u00bb4.19.2&Prime; _module_preset=\u00a0\u00bbdefault\u00a0\u00bb global_colors_info=\u00a0\u00bb{}\u00a0\u00bb][et_pb_text _builder_version=\u00a0\u00bb4.19.2&Prime; _module_preset=\u00a0\u00bbdefault\u00a0\u00bb hover_enabled=\u00a0\u00bb0&Prime; global_colors_info=\u00a0\u00bb{}\u00a0\u00bb sticky_enabled=\u00a0\u00bb0&Prime;]<\/p>\n<h3><b><\/b><\/h3>\n<h3><b>Nos chantiers en cours : Rejoignez la dynamique !<\/b><\/h3>\n<p><span style=\"font-weight: 400; font-size: large;\">Au Collectif J, on ne fait pas que parler, on agit ! Nos projets sont concrets, pens\u00e9s avec et pour les jeunes, les familles et les professionnel\u00b7le\u00b7s du secteur. Vous voulez contribuer \u00e0 un changement r\u00e9el \u00e0 Saint-Nicolas ? D\u00e9couvrez nos groupes de travail, rejoignez-nous ou proposez une nouvelle th\u00e9matique qui vous tient \u00e0 c\u0153ur !<\/span><\/p>\n<h3><b>axes de travail actuels<\/b><\/h3>\n<p><span style=\"font-size: large;\"><b>Jeunesse et Politique<\/b><b><br \/><\/b><span style=\"font-weight: 400;\">Donner la parole aux jeunes pour qu\u2019ils deviennent acteurs des d\u00e9cisions qui les concernent !<\/span><span style=\"font-weight: 400;\"><br \/><\/span><span style=\"font-weight: 400;\">Cr\u00e9ation d\u2019un Conseil Communal de la Jeunesse, un espace o\u00f9 les jeunes peuvent s\u2019exprimer et faire entendre leurs besoins.<\/span><span style=\"font-weight: 400;\"><br \/><\/span><span style=\"font-weight: 400;\">Travail main dans la main avec l\u2019\u00c9chevinat de la Jeunesse pour r\u00e9diger une charte politique jeunesse et influencer les politiques locales.<\/span><\/span><\/p>\n<p><span style=\"font-size: large;\"><b>Petite Enfance<\/b><b><br \/><\/b><span style=\"font-weight: 400;\">Parce que tout commence d\u00e8s le plus jeune \u00e2ge !<\/span><span style=\"font-weight: 400;\"><br \/><\/span><span style=\"font-weight: 400;\">Identifier les besoins et manques en mati\u00e8re d\u2019accueil et d\u2019activit\u00e9s pour les petits (0-6 ans).<\/span><span style=\"font-weight: 400;\"><br \/><\/span><span style=\"font-weight: 400;\">Renforcer la collaboration entre cr\u00e8ches, stages, accueils p\u00e9riscolaires et autres structures pour am\u00e9liorer l\u2019offre existante.<\/span><\/span><\/p>\n<p><span style=\"font-size: large;\"><b>Questions LGBTQIA+<\/b><b><br \/><\/b><span style=\"font-weight: 400;\">Pour une commune plus inclusive et bienveillante !<\/span><span style=\"font-weight: 400;\"><br \/><\/span><span style=\"font-weight: 400;\">R\u00e9fl\u00e9chir ensemble aux besoins des jeunes LGBTQIA+ \u00e0 Saint-Nicolas et aux moyens d\u2019y r\u00e9pondre.<\/span><span style=\"font-weight: 400;\"><br \/><\/span><span style=\"font-weight: 400;\">Discuter de la cr\u00e9ation d\u2019un \u00c9chevinat de l\u2019\u00c9galit\u00e9 des Chances, garantissant un soutien institutionnel aux questions de diversit\u00e9 et d\u2019inclusion.\u00a0 \u00a0 \u00a0 \u00a0 <\/span><\/span><\/p>\n<p><span style=\"font-size: large;\"><b>Scolarit\u00e9<\/b><\/span><\/p>\n<p><span style=\"font-size: large;\"><b><\/b>R\u00e9duire les in\u00e9galit\u00e9s scolaires, pr\u00e9venir l\u2019\u00e9chec et le d\u00e9crochage, et am\u00e9liorer le bien-\u00eatre des \u00e9l\u00e8ves.<\/span><\/p>\n<p><span style=\"color: #666666; font-size: large;\"><em>Ces axes constituent nos chantiers actuels mais \u00e9voluent continuellement en fonction des besoins et des demandes du terrain.<\/em><\/span><\/p>\n<p><span style=\"font-size: large;\"><span style=\"font-weight: 400;\"><\/span><\/span><\/p>\n<p><span style=\"font-size: large;\"><span style=\"font-weight: 400;\"><\/span><\/span><\/p>\n<h3><b>Envie de contribuer ? Rejoignez-nous !<\/b><\/h3>\n<p><span style=\"font-weight: 400; font-size: large;\">Que vous soyez pro du secteur jeunesse, jeune engag\u00e9\u00b7e ou parent concern\u00e9\u00b7e, vous avez votre place dans cette dynamique collective.<\/span><\/p>\n<ul>\n<li><span style=\"font-weight: 400; font-size: large;\">Int\u00e9grez un groupe de travail et mettez votre expertise ou votre exp\u00e9rience au service du projet.<\/span><\/li>\n<li><span style=\"font-weight: 400; font-size: large;\">Rejoignez le Collectif J et contribuez \u00e0 une action locale ambitieuse.<\/span><\/li>\n<li><span style=\"font-weight: 400; font-size: large;\">Proposez une nouvelle th\u00e9matique : Vous avez une id\u00e9e ? Un besoin sp\u00e9cifique ? On est \u00e0 l\u2019\u00e9coute !<\/span><\/li>\n<\/ul>\n<p><span style=\"font-weight: 400; font-size: large;\">Parce que le changement commence avec vous, rejoignez-nous d\u00e8s maintenant !\u00a0<\/span><\/p>\n<p>[\/et_pb_text][\/et_pb_column][\/et_pb_row][\/et_pb_section]<\/p>\n","protected":false},"excerpt":{"rendered":"<p>Nos chantiers en cours : Rejoignez la dynamique ! Au Collectif J, on ne fait pas que parler, on agit ! Nos projets sont concrets, pens\u00e9s avec et pour les jeunes, les familles et les professionnel\u00b7le\u00b7s du secteur. Vous voulez contribuer \u00e0 un changement r\u00e9el \u00e0 Saint-Nicolas ? D\u00e9couvrez nos groupes de travail, rejoignez-nous ou [&hellip;]<\/p>\n","protected":false},"author":8,"featured_media":0,"parent":135,"menu_order":0,"comment_status":"closed","ping_status":"closed","template":"","meta":{"_et_pb_use_builder":"on","_et_pb_old_content":"","_et_gb_content_width":"","footnotes":""},"class_list":["post-1562","page","type-page","status-publish","hentry"],"yoast_head":"<!-- This site is optimized with the Yoast SEO plugin v27.3 - https:\/\/yoast.com\/product\/yoast-seo-wordpress\/ -->\n<title>COLLECTIFj<\/title>\n<meta name=\"description\" content=\"Projets COLLECTIFj -\" \/>\n<meta name=\"robots\" content=\"index, follow, max-snippet:-1, max-image-preview:large, max-video-preview:-1\" \/>\n<link rel=\"canonical\" href=\"https:\/\/collectifj.be\/?page_id=1562\" \/>\n<meta property=\"og:locale\" content=\"fr_FR\" \/>\n<meta property=\"og:type\" content=\"article\" \/>\n<meta property=\"og:title\" content=\"COLLECTIFj\" \/>\n<meta property=\"og:description\" content=\"Projets COLLECTIFj -\" \/>\n<meta property=\"og:url\" content=\"https:\/\/collectifj.be\/?page_id=1562\" \/>\n<meta property=\"og:site_name\" content=\"COLLECTIFj\" \/>\n<meta property=\"article:modified_time\" content=\"2025-12-10T12:56:07+00:00\" \/>\n<meta property=\"og:image\" content=\"https:\/\/collectifj.be\/wp-content\/uploads\/2025\/04\/logo-CollectifJ-bordure-_Plan-de-travail-1-01-480x428-1.png\" \/>\n\t<meta property=\"og:image:width\" content=\"480\" \/>\n\t<meta property=\"og:image:height\" content=\"428\" \/>\n\t<meta property=\"og:image:type\" content=\"image\/png\" \/>\n<meta name=\"twitter:card\" content=\"summary_large_image\" \/>\n<meta name=\"twitter:label1\" content=\"Dur\u00e9e de lecture estim\u00e9e\" \/>\n\t<meta name=\"twitter:data1\" content=\"2 minutes\" \/>\n<script type=\"application\/ld+json\" class=\"yoast-schema-graph\">{\"@context\":\"https:\\\/\\\/schema.org\",\"@graph\":[{\"@type\":\"WebPage\",\"@id\":\"https:\\\/\\\/collectifj.be\\\/?page_id=1562\",\"url\":\"https:\\\/\\\/collectifj.be\\\/?page_id=1562\",\"name\":\"COLLECTIFj\",\"isPartOf\":{\"@id\":\"https:\\\/\\\/collectifj.be\\\/#website\"},\"datePublished\":\"2025-03-27T10:20:17+00:00\",\"dateModified\":\"2025-12-10T12:56:07+00:00\",\"description\":\"Projets COLLECTIFj -\",\"breadcrumb\":{\"@id\":\"https:\\\/\\\/collectifj.be\\\/?page_id=1562#breadcrumb\"},\"inLanguage\":\"fr-FR\",\"potentialAction\":[{\"@type\":\"ReadAction\",\"target\":[\"https:\\\/\\\/collectifj.be\\\/?page_id=1562\"]}]},{\"@type\":\"BreadcrumbList\",\"@id\":\"https:\\\/\\\/collectifj.be\\\/?page_id=1562#breadcrumb\",\"itemListElement\":[{\"@type\":\"ListItem\",\"position\":1,\"name\":\"Accueil\",\"item\":\"https:\\\/\\\/collectifj.be\\\/\"},{\"@type\":\"ListItem\",\"position\":2,\"name\":\"Tout savoir sur le collectif J\",\"item\":\"https:\\\/\\\/collectifj.be\\\/?page_id=135\"},{\"@type\":\"ListItem\",\"position\":3,\"name\":\"Projets\"}]},{\"@type\":\"WebSite\",\"@id\":\"https:\\\/\\\/collectifj.be\\\/#website\",\"url\":\"https:\\\/\\\/collectifj.be\\\/\",\"name\":\"COLLECTIFj\",\"description\":\"Collectif J\",\"publisher\":{\"@id\":\"https:\\\/\\\/collectifj.be\\\/#organization\"},\"alternateName\":\"Collectif Jeunesse Saint-Nicolas\",\"potentialAction\":[{\"@type\":\"SearchAction\",\"target\":{\"@type\":\"EntryPoint\",\"urlTemplate\":\"https:\\\/\\\/collectifj.be\\\/?s={search_term_string}\"},\"query-input\":{\"@type\":\"PropertyValueSpecification\",\"valueRequired\":true,\"valueName\":\"search_term_string\"}}],\"inLanguage\":\"fr-FR\"},{\"@type\":\"Organization\",\"@id\":\"https:\\\/\\\/collectifj.be\\\/#organization\",\"name\":\"COLLECTIFj\",\"url\":\"https:\\\/\\\/collectifj.be\\\/\",\"logo\":{\"@type\":\"ImageObject\",\"inLanguage\":\"fr-FR\",\"@id\":\"https:\\\/\\\/collectifj.be\\\/#\\\/schema\\\/logo\\\/image\\\/\",\"url\":\"https:\\\/\\\/collectifj.be\\\/wp-content\\\/uploads\\\/2025\\\/04\\\/logo-CollectifJ-bordure-_Plan-de-travail-1-01-480x428-1.png\",\"contentUrl\":\"https:\\\/\\\/collectifj.be\\\/wp-content\\\/uploads\\\/2025\\\/04\\\/logo-CollectifJ-bordure-_Plan-de-travail-1-01-480x428-1.png\",\"width\":480,\"height\":428,\"caption\":\"COLLECTIFj\"},\"image\":{\"@id\":\"https:\\\/\\\/collectifj.be\\\/#\\\/schema\\\/logo\\\/image\\\/\"}}]}<\/script>\n<!-- \/ Yoast SEO plugin. -->","yoast_head_json":{"title":"COLLECTIFj","description":"Projets COLLECTIFj -","robots":{"index":"index","follow":"follow","max-snippet":"max-snippet:-1","max-image-preview":"max-image-preview:large","max-video-preview":"max-video-preview:-1"},"canonical":"https:\/\/collectifj.be\/?page_id=1562","og_locale":"fr_FR","og_type":"article","og_title":"COLLECTIFj","og_description":"Projets COLLECTIFj -","og_url":"https:\/\/collectifj.be\/?page_id=1562","og_site_name":"COLLECTIFj","article_modified_time":"2025-12-10T12:56:07+00:00","og_image":[{"width":480,"height":428,"url":"https:\/\/collectifj.be\/wp-content\/uploads\/2025\/04\/logo-CollectifJ-bordure-_Plan-de-travail-1-01-480x428-1.png","type":"image\/png"}],"twitter_card":"summary_large_image","twitter_misc":{"Dur\u00e9e de lecture estim\u00e9e":"2 minutes"},"schema":{"@context":"https:\/\/schema.org","@graph":[{"@type":"WebPage","@id":"https:\/\/collectifj.be\/?page_id=1562","url":"https:\/\/collectifj.be\/?page_id=1562","name":"COLLECTIFj","isPartOf":{"@id":"https:\/\/collectifj.be\/#website"},"datePublished":"2025-03-27T10:20:17+00:00","dateModified":"2025-12-10T12:56:07+00:00","description":"Projets COLLECTIFj -","breadcrumb":{"@id":"https:\/\/collectifj.be\/?page_id=1562#breadcrumb"},"inLanguage":"fr-FR","potentialAction":[{"@type":"ReadAction","target":["https:\/\/collectifj.be\/?page_id=1562"]}]},{"@type":"BreadcrumbList","@id":"https:\/\/collectifj.be\/?page_id=1562#breadcrumb","itemListElement":[{"@type":"ListItem","position":1,"name":"Accueil","item":"https:\/\/collectifj.be\/"},{"@type":"ListItem","position":2,"name":"Tout savoir sur le collectif J","item":"https:\/\/collectifj.be\/?page_id=135"},{"@type":"ListItem","position":3,"name":"Projets"}]},{"@type":"WebSite","@id":"https:\/\/collectifj.be\/#website","url":"https:\/\/collectifj.be\/","name":"COLLECTIFj","description":"Collectif J","publisher":{"@id":"https:\/\/collectifj.be\/#organization"},"alternateName":"Collectif Jeunesse Saint-Nicolas","potentialAction":[{"@type":"SearchAction","target":{"@type":"EntryPoint","urlTemplate":"https:\/\/collectifj.be\/?s={search_term_string}"},"query-input":{"@type":"PropertyValueSpecification","valueRequired":true,"valueName":"search_term_string"}}],"inLanguage":"fr-FR"},{"@type":"Organization","@id":"https:\/\/collectifj.be\/#organization","name":"COLLECTIFj","url":"https:\/\/collectifj.be\/","logo":{"@type":"ImageObject","inLanguage":"fr-FR","@id":"https:\/\/collectifj.be\/#\/schema\/logo\/image\/","url":"https:\/\/collectifj.be\/wp-content\/uploads\/2025\/04\/logo-CollectifJ-bordure-_Plan-de-travail-1-01-480x428-1.png","contentUrl":"https:\/\/collectifj.be\/wp-content\/uploads\/2025\/04\/logo-CollectifJ-bordure-_Plan-de-travail-1-01-480x428-1.png","width":480,"height":428,"caption":"COLLECTIFj"},"image":{"@id":"https:\/\/collectifj.be\/#\/schema\/logo\/image\/"}}]}},"_links":{"self":[{"href":"https:\/\/collectifj.be\/index.php?rest_route=\/wp\/v2\/pages\/1562","targetHints":{"allow":["GET"]}}],"collection":[{"href":"https:\/\/collectifj.be\/index.php?rest_route=\/wp\/v2\/pages"}],"about":[{"href":"https:\/\/collectifj.be\/index.php?rest_route=\/wp\/v2\/types\/page"}],"author":[{"embeddable":true,"href":"https:\/\/collectifj.be\/index.php?rest_route=\/wp\/v2\/users\/8"}],"replies":[{"embeddable":true,"href":"https:\/\/collectifj.be\/index.php?rest_route=%2Fwp%2Fv2%2Fcomments&post=1562"}],"version-history":[{"count":15,"href":"https:\/\/collectifj.be\/index.php?rest_route=\/wp\/v2\/pages\/1562\/revisions"}],"predecessor-version":[{"id":1944,"href":"https:\/\/collectifj.be\/index.php?rest_route=\/wp\/v2\/pages\/1562\/revisions\/1944"}],"up":[{"embeddable":true,"href":"https:\/\/collectifj.be\/index.php?rest_route=\/wp\/v2\/pages\/135"}],"wp:attachment":[{"href":"https:\/\/collectifj.be\/index.php?rest_route=%2Fwp%2Fv2%2Fmedia&parent=1562"}],"curies":[{"name":"wp","href":"https:\/\/api.w.org\/{rel}","templated":true}]}}